{"id":23,"date":"2024-03-23T14:20:39","date_gmt":"2024-03-23T13:20:39","guid":{"rendered":"http:\/\/localhost\/mci\/tds-login-register\/"},"modified":"2026-04-14T10:30:23","modified_gmt":"2026-04-14T08:30:23","slug":"tds-login-register","status":"publish","type":"page","link":"https:\/\/www.commerce-industrie.gouv.ne\/?page_id=23","title":{"rendered":"Num\u00e9ro vert"},"content":{"rendered":"\t\t<div data-elementor-type=\"wp-page\" data-elementor-id=\"23\" class=\"elementor elementor-23\">\n\t\t\t\t\t\t<section class=\"penci-section penci-disSticky penci-structure-10 elementor-section elementor-top-section elementor-element elementor-element-e60d783 elementor-section-boxed elementor-section-height-default elementor-section-height-default wpr-particle-no wpr-jarallax-no wpr-parallax-no wpr-sticky-section-no\" data-id=\"e60d783\" data-element_type=\"section\">\n\t\t\t\t\t\t<div class=\"elementor-container elementor-column-gap-extended\">\n\t\t\t\t\t<div class=\"penci-ercol-100 penci-ercol-order-1 penci-sticky-ct    elementor-column elementor-col-100 elementor-top-column elementor-element elementor-element-a05ea2d\" data-id=\"a05ea2d\" data-element_type=\"column\">\n\t\t\t<div class=\"elementor-widget-wrap elementor-element-populated\">\n\t\t\t\t\t\t<div class=\"elementor-element elementor-element-8d5de4d elementor-widget elementor-widget-penci-text-block\" data-id=\"8d5de4d\" data-element_type=\"widget\" data-widget_type=\"penci-text-block.default\">\n\t\t\t\t<div class=\"elementor-widget-container\">\n\t\t\t\t\t<div class=\"penci-block-vc penci-text-editor\">\r\n\t\t\t        <div class=\"penci-border-arrow penci-homepage-title penci-home-latest-posts style-2 pcalign-left pciconp-right pcicon-right block-title-icon-left\">\r\n            <h3 class=\"inner-arrow\">\r\n                <span>\r\n                    <span>Num\u00e9ro vert<\/a>                <\/span>\r\n            <\/h3>\r\n\t\t\t        <\/div>\r\n\t\t\t\t\t<div class=\"penci-block_content\">\r\n\t\t\t\t<div class=\"elementor-text-editor elementor-clearfix\"><p><strong>Num\u00e9ro Vert :<\/strong> Lutte contre la fraude, la corruption et la violation de la r\u00e9glementation.<\/p><p>Dans le cadre de sa mission de r\u00e9gulation, de transparence et de protection des consommateurs, le <strong>Minist\u00e8re du Commerce et de l\u2019Industrie<\/strong> met \u00e0 la disposition du public un <strong>num\u00e9ro vert gratuit<\/strong> : <strong>808<\/strong>.<\/p><p>Ce service permet \u00e0 toute personne, sur l\u2019ensemble du territoire national, de signaler ou d\u00e9noncer toute pratique contraire \u00e0 la r\u00e9glementation en vigueur, en mati\u00e8re de commerce et de l\u2019industrie notamment :<\/p><p>&#8211; les cas de fraude commerciale ;<br \/>&#8211; les actes de corruption ;<br \/>&#8211; les pratiques illicites ou abusives ;<br \/>&#8211; toute violation des normes dans les secteurs du commerce et de l\u2019industrie.<\/p><p><strong>Le num\u00e9ro vert 808 est<\/strong> :<\/p><p>&#8211; accessible gratuitement, quel que soit l\u2019op\u00e9rateur t\u00e9l\u00e9phonique ;<br \/>&#8211; ouvert \u00e0 tous, sans distinction ;<br \/>&#8211; un canal s\u00e9curis\u00e9 garantissant la confidentialit\u00e9 des informations fournies.<\/p><p>Le Minist\u00e8re encourage vivement les citoyens, les op\u00e9rateurs \u00e9conomiques et l\u2019ensemble des acteurs du secteur \u00e0 utiliser ce dispositif pour contribuer activement \u00e0 la promotion d\u2019un environnement commercial sain, \u00e9quitable et transparent.<\/p><p>Votre vigilance est essentielle. Ensemble, luttons contre les pratiques frauduleuses et renfor\u00e7ons l\u2019int\u00e9grit\u00e9 de notre \u00e9conomie.<\/p><\/div>\r\n\t\t\t<\/div>\r\n\t\t<\/div>\r\n\t\t\t\t<\/div>\n\t\t\t\t<\/div>\n\t\t\t\t\t<\/div>\n\t\t<\/div>\n\t\t\t\t\t<\/div>\n\t\t<\/section>\n\t\t<div class=\"elementor-element elementor-element-00cd68b e-flex e-con-boxed wpr-particle-no wpr-jarallax-no wpr-parallax-no wpr-sticky-section-no e-con e-parent\" data-id=\"00cd68b\" data-element_type=\"container\">\n\t\t\t\t\t<div class=\"e-con-inner\">\n\t\t\t\t<div class=\"elementor-element elementor-element-90429d6 elementor-widget elementor-widget-penci-button\" data-id=\"90429d6\" data-element_type=\"widget\" data-widget_type=\"penci-button.default\">\n\t\t\t\t<div class=\"elementor-widget-container\">\n\t\t\t\t\t<div class=\"pcbtn-wrapper pcbtn-align-center\">\r\n\t\t\t<a class=\"pcbtn pcbtn-icon-left\" href=\"tel:+227808\">\r\n\t\t\t\t<span class=\"pcbtn-wrapperin\">\r\n\t\t\t\t\t<span class=\"pcbtn-content\"><svg class=\"e-font-icon-svg e-fas-phone-alt\" viewBox=\"0 0 512 512\" xmlns=\"http:\/\/www.w3.org\/2000\/svg\"><path d=\"M497.39 361.8l-112-48a24 24 0 0 0-28 6.9l-49.6 60.6A370.66 370.66 0 0 1 130.6 204.11l60.6-49.6a23.94 23.94 0 0 0 6.9-28l-48-112A24.16 24.16 0 0 0 122.6.61l-104 24A24 24 0 0 0 0 48c0 256.5 207.9 464 464 464a24 24 0 0 0 23.4-18.6l24-104a24.29 24.29 0 0 0-14.01-27.6z\"><\/path><\/svg>Lancer l'appel : 808<\/span>\r\n\t\t\t\t\t\t\t\t\t<\/span>\r\n\t\t\t<\/a>\r\n\t\t<\/div>\r\n\t\t\t\t<\/div>\n\t\t\t\t<\/div>\n\t\t\t\t\t<\/div>\n\t\t\t\t<\/div>\n\t\t\t\t<\/div>\n\t\t","protected":false},"excerpt":{"rendered":"<p>Num\u00e9ro vert Num\u00e9ro Vert : Lutte contre la fraude, la corruption et la violation&hellip;<\/p>\n","protected":false},"author":1,"featured_media":0,"parent":0,"menu_order":0,"comment_status":"closed","ping_status":"closed","template":"","meta":{"footnotes":""},"class_list":["post-23","page","type-page","status-publish","hentry"],"_links":{"self":[{"href":"https:\/\/www.commerce-industrie.gouv.ne\/index.php?rest_route=\/wp\/v2\/pages\/23"}],"collection":[{"href":"https:\/\/www.commerce-industrie.gouv.ne\/index.php?rest_route=\/wp\/v2\/pages"}],"about":[{"href":"https:\/\/www.commerce-industrie.gouv.ne\/index.php?rest_route=\/wp\/v2\/types\/page"}],"author":[{"embeddable":true,"href":"https:\/\/www.commerce-industrie.gouv.ne\/index.php?rest_route=\/wp\/v2\/users\/1"}],"replies":[{"embeddable":true,"href":"https:\/\/www.commerce-industrie.gouv.ne\/index.php?rest_route=%2Fwp%2Fv2%2Fcomments&post=23"}],"version-history":[{"count":15,"href":"https:\/\/www.commerce-industrie.gouv.ne\/index.php?rest_route=\/wp\/v2\/pages\/23\/revisions"}],"predecessor-version":[{"id":2728,"href":"https:\/\/www.commerce-industrie.gouv.ne\/index.php?rest_route=\/wp\/v2\/pages\/23\/revisions\/2728"}],"wp:attachment":[{"href":"https:\/\/www.commerce-industrie.gouv.ne\/index.php?rest_route=%2Fwp%2Fv2%2Fmedia&parent=23"}],"curies":[{"name":"wp","href":"https:\/\/api.w.org\/{rel}","templated":true}]}}